{"id":1288,"date":"2020-04-28T12:18:42","date_gmt":"2020-04-28T10:18:42","guid":{"rendered":"https:\/\/www.postdoc-network-brandenburg.de\/datenschutzerklaerung\/"},"modified":"2022-03-23T12:22:52","modified_gmt":"2022-03-23T11:22:52","slug":"privacy-policy","status":"publish","type":"page","link":"https:\/\/www.postdoc-network-brandenburg.de\/en\/privacy-policy\/","title":{"rendered":"Privacy policy"},"content":{"rendered":"\n<h4 class=\"wp-block-heading\"><strong>Datenschutz<\/strong><\/h4>\n\n\n\n<p>Wir verarbeiten personenbezogene Daten, die beim Besuch unserer Webseite erhoben werden, unter Beachtung der geltenden datenschutzrechtlichen Bestimmungen, insbesondere der EU-Datenschutz-Grundverordnung (DSGVO) und des Gesetzes zum Schutz personenbezogener Daten im Land Brandenburg (BbgDSG). Verantwortlicher im Sinne der DSGVO und anderer nationaler Datenschutzgesetze der Mitgliedsstaaten sowie sonstiger datenschutzrechtlicher Bestimmungen ist die:<\/p>\n\n\n\n<h4 class=\"wp-block-heading\"><strong>Universit\u00e4t Potsdam<\/strong><\/h4>\n\n\n\n<p>vertreten durch den Pr\u00e4sidenten Prof. Oliver G\u00fcnther, Ph.D.<\/p>\n\n\n\n<h4 class=\"wp-block-heading\"><strong>Anschrift:<\/strong><\/h4>\n\n\n\n<p>Am Neuen Palais 10<br>14469 Potsdam<br>Telefon +49 331 977-1220<br>Telefax +49 331 977-1089<br>buero.praesident@uni-potsdam.de<\/p>\n\n\n\n<h4 class=\"wp-block-heading\"><strong>Zweck und Rechtsgrundlagen<\/strong><\/h4>\n\n\n\n<p>Dieser Internetauftritt dient der Information der \u00d6ffentlichkeit \u00fcber die T\u00e4tigkeit der Universit\u00e4t Potsdam in Form der Beteiligung am Postdoc Network Brandenburg. Rechtsgrundlage f\u00fcr die mit dem Aufrufen der Seite verbundene Datenverarbeitung ist Art. 6 Abs. 1 S. 1 lit. e DSGVO i. V. m. \u00a7\u00a7 3 Abs. 7 BbgHG, 5 Abs. 1 BbgDSG. Soweit das Postdoc Network Brandenburg f\u00fcr die Erhebung personenbezogener Daten eine Einwilligung (u. a. Kontaktformular) der betroffenen Person einholt, dient Art. 6 Abs. 1 S. 1 lit. a DSGVO als Rechtsgrundlage.<\/p>\n\n\n\n<h4 class=\"wp-block-heading\"><strong>Protokollierung<\/strong><\/h4>\n\n\n\n<p>Bei jedem Zugriff auf unsere Webseite werden zum Zwecke der Betriebs- und Datensicherheit sowie zu statistischen Zwecken folgende Daten in Protokolldateien gespeichert:<\/p>\n\n\n\n<ul class=\"wp-block-list\"><li>IP-Adresse<\/li><li>Zeitpunkt des Zugriffs<\/li><li>UserAgent (verwendeter Browser und genutztes Betriebssystem)<\/li><li>aufgerufene Seiten- bzw. Inhaltselemente und<\/li><li>sofern mitgeliefert Referrer URL.<\/li><\/ul>\n\n\n\n<p>Die Daten werden maximal 7 Tage gespeichert.<\/p>\n\n\n\n<p>F\u00fcr die Verbesserung des Webauftritts des Postdoc Network Brandenburg erfolgt eine statistische Auswertung. Daf\u00fcr werden die oben genannten Daten durch K\u00fcrzen der IP-Adressen anonymisiert und f\u00fcr maximal 12 Monate gespeichert.<\/p>\n\n\n\n<h4 class=\"wp-block-heading\"><strong>Cookies<\/strong><\/h4>\n\n\n\n<p>Beim Besuch unserer Webseite werden sogenannte \u201eSession-Cookies\u201c auf Ihrem Rechner abgelegt und gespeichert. Cookies sind kleine Textdateien, die dazu dienen, dass Internetangebot nutzerfreundlicher, effektiver und sicherer zu machen.<\/p>\n\n\n\n<p>Sie richten keinen Schaden an und enthalten keine Viren. In der Regel werden Session-Cookies nach Ende Ihres Besuches automatisch gel\u00f6scht. Sie haben die M\u00f6glichkeit durch entsprechende Einstellungen in Ihrem Browser das Speichern von Cookies zu deaktivieren. Bitte beachten Sie, dass Sie durch die Deaktivierung gegebenenfalls nicht alle Funktionen unserer Webseite vollumf\u00e4nglich nutzen k\u00f6nnen.<\/p>\n\n\n\n<h4 class=\"wp-block-heading\"><strong>Kontaktformular<\/strong><\/h4>\n\n\n\n<p>Die von Ihnen per Kontaktformular \u00fcbermittelten personenbezogenen Daten werden nur zum Zwecke der Beantwortung Ihrer Anfrage gespeichert und nach Wegfall des Verarbeitungsgrunds gel\u00f6scht. Ihre Daten werden nicht an Dritte weitergegeben.<\/p>\n\n\n\n<h4 class=\"wp-block-heading\"><strong>Ihre Rechte<\/strong><\/h4>\n\n\n\n<p>Sie haben das Recht, eine erteilte Einwilligung in die Erhebung personenbezogener Daten jederzeit und ohne Angaben von Gr\u00fcnden mit Wirkung f\u00fcr die Zukunft schriftlich gegen\u00fcber dem:<\/p>\n\n\n\n<p>Postdoc Network Brandenburg<br>c\/o Universit\u00e4t Potsdam<br>August-Bebel-Stra\u00dfe 89<br>14482 Potsdam<\/p>\n\n\n\n<p>oder per E-Mail an postdoc-network@uni-potsdam.de<\/p>\n\n\n\n<p>zu widerrufen. Durch den Widerruf der Einwilligung wird die Rechtm\u00e4\u00dfigkeit der aufgrund der Einwilligung bis zum Widerruf erfolgten Verarbeitung nicht ber\u00fchrt.<\/p>\n\n\n\n<p>Dar\u00fcber hinaus haben Sie das Recht, auf Antrag unentgeltlich Auskunft \u00fcber Ihre gespeicherten personenbezogenen Daten, deren Herkunft, Empf\u00e4nger, den Zweck und die Dauer der Datenverarbeitung zu erhalten. Zus\u00e4tzlich haben Sie unter bestimmten Voraussetzungen, das Recht auf Berichtigung oder L\u00f6schung Ihrer Daten, auf Einschr\u00e4nkung der Verarbeitung (z. B. Sperrung) sowie das Recht auf \u00dcbermittlung Ihrer Daten in einem strukturierten, g\u00e4ngigen und maschinenlesebaren Format an einen anderen Verantwortlichen.<\/p>\n\n\n\n<p>Aus Gr\u00fcnden, die sich aus ihrer besonderen Situation ergeben, k\u00f6nnen sie jederzeit gegen die Verarbeitung Ihrer personenbezogenen Daten, welche aufgrund von Art. 6 Abs. 1 S. 1 lit. e DSGVO erfolgt, Widerspruch einlegen.<\/p>\n\n\n\n<p>F\u00fcr die Aus\u00fcbung Ihrer oben genannten Rechte k\u00f6nnen Sie sich wenden an:<\/p>\n\n\n\n<p>Postdoc Network Brandenburg<br>c\/o Universit\u00e4t Potsdam<br>August-Bebel-Stra\u00dfe 89<br>14482 Potsdam<br>Telefon +49 331 977-1855<br>postdoc-network@uni-potsdam.de<\/p>\n\n\n\n<p>Bei Fragen zum Datenschutz k\u00f6nnen Sie sich an den beh\u00f6rdlichen Datenschutzbeauftragten der Universit\u00e4t wenden:<\/p>\n\n\n\n<p>Dr. Marek Kneis<br>Am Neuen Palais 10<br>14469 Potsdam<br>Telefon +49 331 977-124409<br>Telefax +49 331 977-1297<br>datenschutz@uni-potsdam.de<\/p>\n\n\n\n<p>Falls Sie der Ansicht sind, dass die Verarbeitung Ihrer personenbezogenen Daten nicht rechtm\u00e4\u00dfig erfolgt, haben Sie das Recht, bei der zust\u00e4ndigen Aufsichtsbeh\u00f6rde f\u00fcr den Datenschutz eine Beschwerde einzureichen.<\/p>\n\n\n\n<h4 class=\"wp-block-heading\"><strong>Widerspruch Werbe-Mails<\/strong><\/h4>\n\n\n\n<p>Die Nutzung der im Rahmen des Impressums oder vergleichbarer Angaben ver\u00f6ffentlichten Kontaktdaten wie Postanschriften, Telefon- und Faxnummern sowie E-Mail-Adressen durch Dritte zur \u00dcbersendung von nicht ausdr\u00fccklich angeforderten Informationen ist nicht gestattet. Rechtliche Schritte gegen die Versender von sogenannten Spam-Mails bei Verst\u00f6\u00dfen gegen dieses Verbot sind ausdr\u00fccklich vorbehalten.<\/p>\n","protected":false},"excerpt":{"rendered":"<p>Datenschutz Wir verarbeiten personenbezogene Daten, die beim Besuch unserer Webseite erhoben werden, unter Beachtung der geltenden datenschutzrechtlichen Bestimmungen, insbesondere der EU-Datenschutz-Grundverordnung (DSGVO) und des Gesetzes zum Schutz personenbezogener Daten im Land Brandenburg (BbgDSG). Verantwortlicher im Sinne der DSGVO und anderer nationaler Datenschutzgesetze der Mitgliedsstaaten sowie sonstiger datenschutzrechtlicher Bestimmungen ist die: Universit\u00e4t Potsdam vertreten durch den [&#8230;]<\/p>\n<p style=\"padding-top: 20px\"><a class=\"link-ext\" href=\"https:\/\/www.postdoc-network-brandenburg.de\/en\/privacy-policy\/\">anzeigen \u2026<\/a><\/p>\n","protected":false},"author":1,"featured_media":0,"parent":0,"menu_order":25,"comment_status":"closed","ping_status":"closed","template":"page-templates\/tpl-narrow-content.php","meta":{"_acf_changed":false,"footnotes":""},"class_list":["post-1288","page","type-page","status-publish","hentry"],"acf":[],"yoast_head":"<!-- This site is optimized with the Yoast SEO plugin v27.3 - https:\/\/yoast.com\/product\/yoast-seo-wordpress\/ -->\n<title>Privacy policy | Postdoc Network Brandenburg<\/title>\n<meta name=\"robots\" content=\"index, follow, max-snippet:-1, max-image-preview:large, max-video-preview:-1\" \/>\n<link rel=\"canonical\" href=\"https:\/\/www.postdoc-network-brandenburg.de\/en\/privacy-policy\/\" \/>\n<meta property=\"og:locale\" content=\"en_US\" \/>\n<meta property=\"og:type\" content=\"article\" \/>\n<meta property=\"og:title\" content=\"Privacy policy | Postdoc Network Brandenburg\" \/>\n<meta property=\"og:description\" content=\"Datenschutz Wir verarbeiten personenbezogene Daten, die beim Besuch unserer Webseite erhoben werden, unter Beachtung der geltenden datenschutzrechtlichen Bestimmungen, insbesondere der EU-Datenschutz-Grundverordnung (DSGVO) und des Gesetzes zum Schutz personenbezogener Daten im Land Brandenburg (BbgDSG). Verantwortlicher im Sinne der DSGVO und anderer nationaler Datenschutzgesetze der Mitgliedsstaaten sowie sonstiger datenschutzrechtlicher Bestimmungen ist die: Universit\u00e4t Potsdam vertreten durch den [...]anzeigen \u2026\" \/>\n<meta property=\"og:url\" content=\"https:\/\/www.postdoc-network-brandenburg.de\/en\/privacy-policy\/\" \/>\n<meta property=\"og:site_name\" content=\"Postdoc Network Brandenburg\" \/>\n<meta property=\"article:modified_time\" content=\"2022-03-23T11:22:52+00:00\" \/>\n<meta name=\"twitter:card\" content=\"summary_large_image\" \/>\n<meta name=\"twitter:label1\" content=\"Est. reading time\" \/>\n\t<meta name=\"twitter:data1\" content=\"3 minutes\" \/>\n<script type=\"application\/ld+json\" class=\"yoast-schema-graph\">{\"@context\":\"https:\\\/\\\/schema.org\",\"@graph\":[{\"@type\":\"WebPage\",\"@id\":\"https:\\\/\\\/www.postdoc-network-brandenburg.de\\\/en\\\/privacy-policy\\\/\",\"url\":\"https:\\\/\\\/www.postdoc-network-brandenburg.de\\\/en\\\/privacy-policy\\\/\",\"name\":\"Privacy policy | Postdoc Network Brandenburg\",\"isPartOf\":{\"@id\":\"https:\\\/\\\/www.postdoc-network-brandenburg.de\\\/#website\"},\"datePublished\":\"2020-04-28T10:18:42+00:00\",\"dateModified\":\"2022-03-23T11:22:52+00:00\",\"breadcrumb\":{\"@id\":\"https:\\\/\\\/www.postdoc-network-brandenburg.de\\\/en\\\/privacy-policy\\\/#breadcrumb\"},\"inLanguage\":\"en-US\",\"potentialAction\":[{\"@type\":\"ReadAction\",\"target\":[\"https:\\\/\\\/www.postdoc-network-brandenburg.de\\\/en\\\/privacy-policy\\\/\"]}]},{\"@type\":\"BreadcrumbList\",\"@id\":\"https:\\\/\\\/www.postdoc-network-brandenburg.de\\\/en\\\/privacy-policy\\\/#breadcrumb\",\"itemListElement\":[{\"@type\":\"ListItem\",\"position\":1,\"name\":\"Startseite\",\"item\":\"https:\\\/\\\/www.postdoc-network-brandenburg.de\\\/en\\\/\"},{\"@type\":\"ListItem\",\"position\":2,\"name\":\"Privacy policy\"}]},{\"@type\":\"WebSite\",\"@id\":\"https:\\\/\\\/www.postdoc-network-brandenburg.de\\\/#website\",\"url\":\"https:\\\/\\\/www.postdoc-network-brandenburg.de\\\/\",\"name\":\"Postdoc Network Brandenburg\",\"description\":\"\",\"publisher\":{\"@id\":\"https:\\\/\\\/www.postdoc-network-brandenburg.de\\\/#organization\"},\"potentialAction\":[{\"@type\":\"SearchAction\",\"target\":{\"@type\":\"EntryPoint\",\"urlTemplate\":\"https:\\\/\\\/www.postdoc-network-brandenburg.de\\\/?s={search_term_string}\"},\"query-input\":{\"@type\":\"PropertyValueSpecification\",\"valueRequired\":true,\"valueName\":\"search_term_string\"}}],\"inLanguage\":\"en-US\"},{\"@type\":\"Organization\",\"@id\":\"https:\\\/\\\/www.postdoc-network-brandenburg.de\\\/#organization\",\"name\":\"Postdoc Network Brandenburg\",\"url\":\"https:\\\/\\\/www.postdoc-network-brandenburg.de\\\/\",\"logo\":{\"@type\":\"ImageObject\",\"inLanguage\":\"en-US\",\"@id\":\"https:\\\/\\\/www.postdoc-network-brandenburg.de\\\/#\\\/schema\\\/logo\\\/image\\\/\",\"url\":\"https:\\\/\\\/www.postdoc-network-brandenburg.de\\\/app\\\/uploads\\\/2022\\\/03\\\/logo-pnb-bunt.svg\",\"contentUrl\":\"https:\\\/\\\/www.postdoc-network-brandenburg.de\\\/app\\\/uploads\\\/2022\\\/03\\\/logo-pnb-bunt.svg\",\"width\":1,\"height\":1,\"caption\":\"Postdoc Network Brandenburg\"},\"image\":{\"@id\":\"https:\\\/\\\/www.postdoc-network-brandenburg.de\\\/#\\\/schema\\\/logo\\\/image\\\/\"}}]}<\/script>\n<!-- \/ Yoast SEO plugin. -->","yoast_head_json":{"title":"Privacy policy | Postdoc Network Brandenburg","robots":{"index":"index","follow":"follow","max-snippet":"max-snippet:-1","max-image-preview":"max-image-preview:large","max-video-preview":"max-video-preview:-1"},"canonical":"https:\/\/www.postdoc-network-brandenburg.de\/en\/privacy-policy\/","og_locale":"en_US","og_type":"article","og_title":"Privacy policy | Postdoc Network Brandenburg","og_description":"Datenschutz Wir verarbeiten personenbezogene Daten, die beim Besuch unserer Webseite erhoben werden, unter Beachtung der geltenden datenschutzrechtlichen Bestimmungen, insbesondere der EU-Datenschutz-Grundverordnung (DSGVO) und des Gesetzes zum Schutz personenbezogener Daten im Land Brandenburg (BbgDSG). Verantwortlicher im Sinne der DSGVO und anderer nationaler Datenschutzgesetze der Mitgliedsstaaten sowie sonstiger datenschutzrechtlicher Bestimmungen ist die: Universit\u00e4t Potsdam vertreten durch den [...]anzeigen \u2026","og_url":"https:\/\/www.postdoc-network-brandenburg.de\/en\/privacy-policy\/","og_site_name":"Postdoc Network Brandenburg","article_modified_time":"2022-03-23T11:22:52+00:00","twitter_card":"summary_large_image","twitter_misc":{"Est. reading time":"3 minutes"},"schema":{"@context":"https:\/\/schema.org","@graph":[{"@type":"WebPage","@id":"https:\/\/www.postdoc-network-brandenburg.de\/en\/privacy-policy\/","url":"https:\/\/www.postdoc-network-brandenburg.de\/en\/privacy-policy\/","name":"Privacy policy | Postdoc Network Brandenburg","isPartOf":{"@id":"https:\/\/www.postdoc-network-brandenburg.de\/#website"},"datePublished":"2020-04-28T10:18:42+00:00","dateModified":"2022-03-23T11:22:52+00:00","breadcrumb":{"@id":"https:\/\/www.postdoc-network-brandenburg.de\/en\/privacy-policy\/#breadcrumb"},"inLanguage":"en-US","potentialAction":[{"@type":"ReadAction","target":["https:\/\/www.postdoc-network-brandenburg.de\/en\/privacy-policy\/"]}]},{"@type":"BreadcrumbList","@id":"https:\/\/www.postdoc-network-brandenburg.de\/en\/privacy-policy\/#breadcrumb","itemListElement":[{"@type":"ListItem","position":1,"name":"Startseite","item":"https:\/\/www.postdoc-network-brandenburg.de\/en\/"},{"@type":"ListItem","position":2,"name":"Privacy policy"}]},{"@type":"WebSite","@id":"https:\/\/www.postdoc-network-brandenburg.de\/#website","url":"https:\/\/www.postdoc-network-brandenburg.de\/","name":"Postdoc Network Brandenburg","description":"","publisher":{"@id":"https:\/\/www.postdoc-network-brandenburg.de\/#organization"},"potentialAction":[{"@type":"SearchAction","target":{"@type":"EntryPoint","urlTemplate":"https:\/\/www.postdoc-network-brandenburg.de\/?s={search_term_string}"},"query-input":{"@type":"PropertyValueSpecification","valueRequired":true,"valueName":"search_term_string"}}],"inLanguage":"en-US"},{"@type":"Organization","@id":"https:\/\/www.postdoc-network-brandenburg.de\/#organization","name":"Postdoc Network Brandenburg","url":"https:\/\/www.postdoc-network-brandenburg.de\/","logo":{"@type":"ImageObject","inLanguage":"en-US","@id":"https:\/\/www.postdoc-network-brandenburg.de\/#\/schema\/logo\/image\/","url":"https:\/\/www.postdoc-network-brandenburg.de\/app\/uploads\/2022\/03\/logo-pnb-bunt.svg","contentUrl":"https:\/\/www.postdoc-network-brandenburg.de\/app\/uploads\/2022\/03\/logo-pnb-bunt.svg","width":1,"height":1,"caption":"Postdoc Network Brandenburg"},"image":{"@id":"https:\/\/www.postdoc-network-brandenburg.de\/#\/schema\/logo\/image\/"}}]}},"_links":{"self":[{"href":"https:\/\/www.postdoc-network-brandenburg.de\/en\/wp-json\/wp\/v2\/pages\/1288","targetHints":{"allow":["GET"]}}],"collection":[{"href":"https:\/\/www.postdoc-network-brandenburg.de\/en\/wp-json\/wp\/v2\/pages"}],"about":[{"href":"https:\/\/www.postdoc-network-brandenburg.de\/en\/wp-json\/wp\/v2\/types\/page"}],"author":[{"embeddable":true,"href":"https:\/\/www.postdoc-network-brandenburg.de\/en\/wp-json\/wp\/v2\/users\/1"}],"replies":[{"embeddable":true,"href":"https:\/\/www.postdoc-network-brandenburg.de\/en\/wp-json\/wp\/v2\/comments?post=1288"}],"version-history":[{"count":1,"href":"https:\/\/www.postdoc-network-brandenburg.de\/en\/wp-json\/wp\/v2\/pages\/1288\/revisions"}],"predecessor-version":[{"id":1289,"href":"https:\/\/www.postdoc-network-brandenburg.de\/en\/wp-json\/wp\/v2\/pages\/1288\/revisions\/1289"}],"wp:attachment":[{"href":"https:\/\/www.postdoc-network-brandenburg.de\/en\/wp-json\/wp\/v2\/media?parent=1288"}],"curies":[{"name":"wp","href":"https:\/\/api.w.org\/{rel}","templated":true}]}}